{"id":97,"date":"2026-04-11T17:44:00","date_gmt":"2026-04-11T06:44:00","guid":{"rendered":"https:\/\/www.qhhtshirley.nc\/?page_id=97"},"modified":"2026-04-11T19:07:59","modified_gmt":"2026-04-11T08:07:59","slug":"tarifs-contact","status":"publish","type":"page","link":"https:\/\/www.qhhtshirley.nc\/index.php\/tarifs-contact\/","title":{"rendered":"Tarifs &amp; Contact"},"content":{"rendered":"\t\t<div data-elementor-type=\"wp-page\" data-elementor-id=\"97\" class=\"elementor elementor-97\">\n\t\t\t\t<div class=\"elementor-element elementor-element-30776e5 e-flex e-con-boxed e-con e-parent\" data-id=\"30776e5\" data-element_type=\"container\" data-e-type=\"container\">\n\t\t\t\t\t<div class=\"e-con-inner\">\n\t\t\t\t\t\t\t<h2 \n\t\tdata-interaction-id=\"58a55c1\" \n\t\tclass=\"e-58a55c1-c61e4bd e-heading-base\" \n\t\t \n\t\t\n\t>\n\t\n\t\t\tTarifs &amp; Contact\n\t\t<\/h2>\n\t\t<div class=\"elementor-element elementor-element-aed2248 e-con-full e-flex e-con e-child\" data-id=\"aed2248\" data-element_type=\"container\" data-e-type=\"container\">\n\t\t\t\t\t\t\t<h3 \n\t\tdata-interaction-id=\"4ae63ff\" \n\t\tclass=\"e-4ae63ff-f5ba611 e-heading-base\" \n\t\t \n\t\t\n\t>\n\t\n\t\t\tPrenez contact avec Shirley pour toute question ou pour r\u00e9server votre s\u00e9ance.\n\t\t<\/h3>\n\t\t\t\t<\/div>\n\t\t\t\t\t<\/div>\n\t\t\t\t<\/div>\n\t\t<div class=\"elementor-element elementor-element-e353815 e-flex e-con-boxed e-con e-parent\" data-id=\"e353815\" data-element_type=\"container\" data-e-type=\"container\">\n\t\t\t\t\t<div class=\"e-con-inner\">\n\t\t\t\t\t\t\t<h2 \n\t\tdata-interaction-id=\"6ec1830\" \n\t\tclass=\"e-6ec1830-2d6e1cc e-heading-base\" \n\t\t \n\t\t\n\t>\n\t\n\t\t\tS\u00e9ance QHHT compl\u00e8te \u00b7 Prix : 25 000 XPF <br>Dur\u00e9e : 6 \u00e0 8 heures\n\t\t<\/h2>\n\t\t<div class=\"elementor-element elementor-element-34cf1fe e-con-full e-flex e-con e-child\" data-id=\"34cf1fe\" data-element_type=\"container\" data-e-type=\"container\">\n\t\t\t\t<div class=\"elementor-element elementor-element-05af705 elementor-widget elementor-widget-text-editor\" data-id=\"05af705\" data-element_type=\"widget\" data-e-type=\"widget\" data-widget_type=\"text-editor.default\">\n\t\t\t\t\t\t\t\t\t<p><strong>Inclus dans la s\u00e9ance :<\/strong><\/p><ul><li>Entretien pr\u00e9paratoire approfondi<\/li><li>S\u00e9ance d&rsquo;hypnose QHHT compl\u00e8te<\/li><li>Enregistrement audio de la s\u00e9ance<\/li><li>Suivi post-s\u00e9ance par message<\/li><\/ul><div>Le paiement s&rsquo;effectue le jour de la s\u00e9ance, en esp\u00e8ces ou par virement. Un acompte peut \u00eatre demand\u00e9 pour confirmer la r\u00e9servation.<\/div>\t\t\t\t\t\t\t\t<\/div>\n\t\t\t\t<\/div>\n\t\t\t\t\t<\/div>\n\t\t\t\t<\/div>\n\t\t<div class=\"elementor-element elementor-element-f5f5b21 e-flex e-con-boxed e-con e-parent\" data-id=\"f5f5b21\" data-element_type=\"container\" data-e-type=\"container\">\n\t\t\t\t\t<div class=\"e-con-inner\">\n\t\t<div class=\"elementor-element elementor-element-15baf9a e-con-full e-flex e-con e-child\" data-id=\"15baf9a\" data-element_type=\"container\" data-e-type=\"container\">\n\t\t\t\t\t\t\t<h2 \n\t\tdata-interaction-id=\"c5c34ce\" \n\t\tclass=\"e-c5c34ce-55ce5b0 e-heading-base\" \n\t\t \n\t\t\n\t>\n\t\n\t\t\tEnvoyez un message \u00e0 Shirley\n\t\t<\/h2>\n\t\t<div class=\"elementor-element elementor-element-eebc6fe e-con-full e-flex e-con e-child\" data-id=\"eebc6fe\" data-element_type=\"container\" data-e-type=\"container\">\n\t\t\t\t<div class=\"elementor-element elementor-element-dad1893 elementor-widget__width-initial elementor-widget elementor-widget-wpforms\" data-id=\"dad1893\" data-element_type=\"widget\" data-e-type=\"widget\" data-widget_type=\"wpforms.default\">\n\t\t\t\t<div class=\"elementor-widget-container\">\n\t\t\t\t\t<div class=\"wpforms-container wpforms-container-full wpforms-render-modern\" id=\"wpforms-17\"><form id=\"wpforms-form-17\" class=\"wpforms-validate wpforms-form wpforms-ajax-form\" data-formid=\"17\" method=\"post\" enctype=\"multipart\/form-data\" action=\"\/index.php\/wp-json\/wp\/v2\/pages\/97\" data-token=\"f0aecfc7513326c9884256c0f1bcdd95\" data-token-time=\"1776750948\"><noscript class=\"wpforms-error-noscript\">Veuillez activer JavaScript dans votre navigateur pour remplir ce formulaire.<\/noscript><div id=\"wpforms-error-noscript\" style=\"display: none;\">Veuillez activer JavaScript dans votre navigateur pour remplir ce formulaire.<\/div><div class=\"wpforms-field-container\"><div id=\"wpforms-17-field_1-container\" class=\"wpforms-field wpforms-field-name\" data-field-id=\"1\"><fieldset><legend class=\"wpforms-field-label\">Nom <span class=\"wpforms-required-label\" aria-hidden=\"true\">*<\/span><\/legend><div class=\"wpforms-field-row wpforms-field-medium\"><div class=\"wpforms-field-row-block wpforms-first wpforms-one-half\"><input type=\"text\" id=\"wpforms-17-field_1\" class=\"wpforms-field-name-first wpforms-field-required\" name=\"wpforms[fields][1][first]\" aria-errormessage=\"wpforms-17-field_1-error\" required><label for=\"wpforms-17-field_1\" class=\"wpforms-field-sublabel after\">Pr\u00e9nom<\/label><\/div><div class=\"wpforms-field-row-block wpforms-one-half\"><input type=\"text\" id=\"wpforms-17-field_1-last\" class=\"wpforms-field-name-last wpforms-field-required\" name=\"wpforms[fields][1][last]\" aria-errormessage=\"wpforms-17-field_1-last-error\" required><label for=\"wpforms-17-field_1-last\" class=\"wpforms-field-sublabel after\">Nom<\/label><\/div><\/div><\/fieldset><\/div>\t\t<div id=\"wpforms-17-field_4-container\"\n\t\t\tclass=\"wpforms-field wpforms-field-text\"\n\t\t\tdata-field-type=\"text\"\n\t\t\tdata-field-id=\"4\"\n\t\t\t>\n\t\t\t<label class=\"wpforms-field-label\" for=\"wpforms-17-field_4\" >Nom E-mail ou<\/label>\n\t\t\t<input type=\"text\" id=\"wpforms-17-field_4\" class=\"wpforms-field-medium\" name=\"wpforms[fields][4]\" >\n\t\t<\/div>\n\t\t<div id=\"wpforms-17-field_2-container\" class=\"wpforms-field wpforms-field-email\" data-field-id=\"2\"><label class=\"wpforms-field-label\" for=\"wpforms-17-field_2\">E-mail <span class=\"wpforms-required-label\" aria-hidden=\"true\">*<\/span><\/label><input type=\"email\" id=\"wpforms-17-field_2\" class=\"wpforms-field-medium wpforms-field-required\" name=\"wpforms[fields][2]\" spellcheck=\"false\" aria-errormessage=\"wpforms-17-field_2-error\" required><\/div><div id=\"wpforms-17-field_3-container\" class=\"wpforms-field wpforms-field-textarea\" data-field-id=\"3\"><label class=\"wpforms-field-label\" for=\"wpforms-17-field_3\">Commentaire ou message<\/label><textarea id=\"wpforms-17-field_3\" class=\"wpforms-field-medium\" name=\"wpforms[fields][3]\" aria-errormessage=\"wpforms-17-field_3-error\" ><\/textarea><\/div><script>\n\t\t\t\t( function() {\n\t\t\t\t\tconst style = document.createElement( 'style' );\n\t\t\t\t\tstyle.appendChild( document.createTextNode( '#wpforms-17-field_4-container { position: absolute !important; overflow: hidden !important; display: inline !important; height: 1px !important; width: 1px !important; z-index: -1000 !important; padding: 0 !important; } #wpforms-17-field_4-container input { visibility: hidden; } #wpforms-conversational-form-page #wpforms-17-field_4-container label { counter-increment: none; }' ) );\n\t\t\t\t\tdocument.head.appendChild( style );\n\t\t\t\t\tdocument.currentScript?.remove();\n\t\t\t\t} )();\n\t\t\t<\/script><\/div><!-- .wpforms-field-container --><div class=\"wpforms-submit-container\" ><input type=\"hidden\" name=\"wpforms[id]\" value=\"17\"><input type=\"hidden\" name=\"page_title\" value=\"\"><input type=\"hidden\" name=\"page_url\" value=\"https:\/\/www.qhhtshirley.nc\/index.php\/wp-json\/wp\/v2\/pages\/97\"><input type=\"hidden\" name=\"url_referer\" value=\"\"><button type=\"submit\" name=\"wpforms[submit]\" id=\"wpforms-submit-17\" class=\"wpforms-submit\" data-alt-text=\"Envoi...\" data-submit-text=\"Envoyer\" aria-live=\"assertive\" value=\"wpforms-submit\">Envoyer<\/button><img decoding=\"async\" data-src=\"https:\/\/www.qhhtshirley.nc\/wp-content\/plugins\/wpforms-lite\/assets\/images\/submit-spin.svg\" class=\"wpforms-submit-spinner lazyload\" style=\"--smush-placeholder-width: 26px; --smush-placeholder-aspect-ratio: 26\/26;display: none;\" width=\"26\" height=\"26\" alt=\"Chargement en cours\" src=\"data:image\/svg+xml;base64,PHN2ZyB3aWR0aD0iMSIgaGVpZ2h0PSIxIiB4bWxucz0iaHR0cDovL3d3dy53My5vcmcvMjAwMC9zdmciPjwvc3ZnPg==\"><\/div><\/form><\/div>  <!-- .wpforms-container -->\t\t\t\t<\/div>\n\t\t\t\t<\/div>\n\t\t\t\t<\/div>\n\t\t\t\t<\/div>\n\t\t<div class=\"elementor-element elementor-element-b38a4ee e-con-full e-flex e-con e-child\" data-id=\"b38a4ee\" data-element_type=\"container\" data-e-type=\"container\">\n\t\t\t\t\t\t\t<h2 \n\t\tdata-interaction-id=\"c864c7e\" \n\t\tclass=\"e-heading-base\" \n\t\t \n\t\t\n\t>\n\t\n\t\t\tInformations pratiques\n\t\t<\/h2>\n\t\t<div class=\"elementor-element elementor-element-ad3ed5b e-con-full e-flex e-con e-child\" data-id=\"ad3ed5b\" data-element_type=\"container\" data-e-type=\"container\">\n\t\t\t\t<div class=\"elementor-element elementor-element-5a9b450 elementor-widget elementor-widget-text-editor\" data-id=\"5a9b450\" data-element_type=\"widget\" data-e-type=\"widget\" data-widget_type=\"text-editor.default\">\n\t\t\t\t\t\t\t\t\t<div>\u00a0<\/div><div>\u2022 \ud83d\udccd Adresse : Cabinet Transcognition Shirley \/ Route du Mont Mou \u00e0\u00a0 Paita, Nouvelle-Cal\u00e9donie<\/div><div>\u00a0<\/div><div>\u2022 \ud83d\udcde T\u00e9l\u00e9phone : 96 22 32<\/div><div>\u00a0<\/div><div>\u2022 \ud83d\udce7 Email : qhhtshirley@gmail.com<\/div><div>\u00a0<\/div><div>\u2022 \ud83d\udd50 Disponibilit\u00e9s : Du lundi au vendredi, sur rendez-vous uniquement<\/div><div>\u00a0<\/div><div>\u2022 \u23f1 Dur\u00e9e d&rsquo;une s\u00e9ance : 6 \u00e0 8 heures \u2014 pr\u00e9voir une journ\u00e9e enti\u00e8re<\/div>\t\t\t\t\t\t\t\t<\/div>\n\t\t\t\t<\/div>\n\t\t\t\t<\/div>\n\t\t\t\t\t<\/div>\n\t\t\t\t<\/div>\n\t\t\t\t<\/div>\n\t\t","protected":false},"excerpt":{"rendered":"<p>Tarifs &amp; Contact Prenez contact avec Shirley pour toute question ou pour r\u00e9server votre s\u00e9ance. S\u00e9ance QHHT compl\u00e8te \u00b7 Prix [&hellip;]<\/p>\n","protected":false},"author":1,"featured_media":0,"parent":0,"menu_order":0,"comment_status":"closed","ping_status":"closed","template":"","meta":{"site-sidebar-layout":"no-sidebar","site-content-layout":"","ast-site-content-layout":"full-width-container","site-content-style":"default","site-sidebar-style":"default","ast-global-header-display":"","ast-banner-title-visibility":"","ast-main-header-display":"","ast-hfb-above-header-display":"","ast-hfb-below-header-display":"","ast-hfb-mobile-header-display":"","site-post-title":"","ast-breadcrumbs-content":"","ast-featured-img":"disabled","footer-sml-layout":"","ast-disable-related-posts":"","theme-transparent-header-meta":"","adv-header-id-meta":"","stick-header-meta":"","header-above-stick-meta":"","header-main-stick-meta":"","header-below-stick-meta":"","astra-migrate-meta-layouts":"default","ast-page-background-enabled":"default","ast-page-background-meta":{"desktop":{"background-color":"var(--ast-global-color-5)","background-image":"","background-repeat":"repeat","background-position":"center center","background-size":"auto","background-attachment":"scroll","background-type":"","background-media":"","overlay-type":"","overlay-color":"","overlay-opacity":"","overlay-gradient":""},"tablet":{"background-color":"","background-image":"","background-repeat":"repeat","background-position":"center center","background-size":"auto","background-attachment":"scroll","background-type":"","background-media":"","overlay-type":"","overlay-color":"","overlay-opacity":"","overlay-gradient":""},"mobile":{"background-color":"","background-image":"","background-repeat":"repeat","background-position":"center center","background-size":"auto","background-attachment":"scroll","background-type":"","background-media":"","overlay-type":"","overlay-color":"","overlay-opacity":"","overlay-gradient":""}},"ast-content-background-meta":{"desktop":{"background-color":"var(--ast-global-color-4)","background-image":"","background-repeat":"repeat","background-position":"center center","background-size":"auto","background-attachment":"scroll","background-type":"","background-media":"","overlay-type":"","overlay-color":"","overlay-opacity":"","overlay-gradient":""},"tablet":{"background-color":"var(--ast-global-color-4)","background-image":"","background-repeat":"repeat","background-position":"center center","background-size":"auto","background-attachment":"scroll","background-type":"","background-media":"","overlay-type":"","overlay-color":"","overlay-opacity":"","overlay-gradient":""},"mobile":{"background-color":"var(--ast-global-color-4)","background-image":"","background-repeat":"repeat","background-position":"center center","background-size":"auto","background-attachment":"scroll","background-type":"","background-media":"","overlay-type":"","overlay-color":"","overlay-opacity":"","overlay-gradient":""}},"footnotes":""},"class_list":["post-97","page","type-page","status-publish","hentry"],"_links":{"self":[{"href":"https:\/\/www.qhhtshirley.nc\/index.php\/wp-json\/wp\/v2\/pages\/97","targetHints":{"allow":["GET"]}}],"collection":[{"href":"https:\/\/www.qhhtshirley.nc\/index.php\/wp-json\/wp\/v2\/pages"}],"about":[{"href":"https:\/\/www.qhhtshirley.nc\/index.php\/wp-json\/wp\/v2\/types\/page"}],"author":[{"embeddable":true,"href":"https:\/\/www.qhhtshirley.nc\/index.php\/wp-json\/wp\/v2\/users\/1"}],"replies":[{"embeddable":true,"href":"https:\/\/www.qhhtshirley.nc\/index.php\/wp-json\/wp\/v2\/comments?post=97"}],"version-history":[{"count":16,"href":"https:\/\/www.qhhtshirley.nc\/index.php\/wp-json\/wp\/v2\/pages\/97\/revisions"}],"predecessor-version":[{"id":116,"href":"https:\/\/www.qhhtshirley.nc\/index.php\/wp-json\/wp\/v2\/pages\/97\/revisions\/116"}],"wp:attachment":[{"href":"https:\/\/www.qhhtshirley.nc\/index.php\/wp-json\/wp\/v2\/media?parent=97"}],"curies":[{"name":"wp","href":"https:\/\/api.w.org\/{rel}","templated":true}]}}