{"id":78,"date":"2026-04-11T16:49:44","date_gmt":"2026-04-11T05:49:44","guid":{"rendered":"https:\/\/www.qhhtshirley.nc\/?page_id=78"},"modified":"2026-04-12T17:41:52","modified_gmt":"2026-04-12T06:41:52","slug":"a-propos","status":"publish","type":"page","link":"https:\/\/www.qhhtshirley.nc\/index.php\/a-propos\/","title":{"rendered":"A propos"},"content":{"rendered":"\t\t<div data-elementor-type=\"wp-page\" data-elementor-id=\"78\" class=\"elementor elementor-78\">\n\t\t\t\t<div class=\"elementor-element elementor-element-fdcf6c7 e-flex e-con-boxed e-con e-parent\" data-id=\"fdcf6c7\" data-element_type=\"container\" data-e-type=\"container\">\n\t\t\t\t\t<div class=\"e-con-inner\">\n\t\t<div class=\"elementor-element elementor-element-ece0459 e-con-full e-flex e-con e-child\" data-id=\"ece0459\" data-element_type=\"container\" data-e-type=\"container\">\n\t\t\t\t\t\t\t\n\t\t<img class=\"e-image-base e-d2cb24c-0f5beb5 lazyload\" \n\t\t\t\t\tdata-interaction-id=\"d2cb24c\" \n\t\t \n\t\t \n\t\t\t\t\t\t\t\t\tid=\"80\"\n\t\t\t\t\t\t\t\t\t\t\t\tdata-src=\"https:\/\/www.qhhtshirley.nc\/wp-content\/uploads\/2026\/04\/Portrait-Shirley.jpg\"\n\t\t\t\t\t\t\t\t\t\t\t\twidth=\"960\"\n\t\t\t\t\t\t\t\t\t\t\t\theight=\"955\"\n\t\t\t\t\t\t\t\t\t\t\t\tdata-srcset=\"https:\/\/www.qhhtshirley.nc\/wp-content\/uploads\/2026\/04\/Portrait-Shirley.jpg 960w, https:\/\/www.qhhtshirley.nc\/wp-content\/uploads\/2026\/04\/Portrait-Shirley-300x298.jpg 300w, https:\/\/www.qhhtshirley.nc\/wp-content\/uploads\/2026\/04\/Portrait-Shirley-150x150.jpg 150w, https:\/\/www.qhhtshirley.nc\/wp-content\/uploads\/2026\/04\/Portrait-Shirley-768x764.jpg 768w\"\n\t\t\t\t\t\t\t\t\t\t\t\talt=\"\"\n\t\t\t\t\t\t src=\"data:image\/svg+xml;base64,PHN2ZyB3aWR0aD0iMSIgaGVpZ2h0PSIxIiB4bWxucz0iaHR0cDovL3d3dy53My5vcmcvMjAwMC9zdmciPjwvc3ZnPg==\" style=\"--smush-placeholder-width: 960px; --smush-placeholder-aspect-ratio: 960\/955;\" \/>\n\t\t\t\t\t<\/div>\n\t\t<div class=\"elementor-element elementor-element-b02e525 e-con-full e-flex e-con e-child\" data-id=\"b02e525\" data-element_type=\"container\" data-e-type=\"container\">\n\t\t\t\t\t\t\t<h2 \n\t\tdata-interaction-id=\"cd4ece8\" \n\t\tclass=\"e-heading-base\" \n\t\t \n\t\t\n\t>\n\t\n\t\t\tBonjour, je suis Shirley\n\t\t<\/h2>\n\t\t<div class=\"elementor-element elementor-element-90d8508 e-con-full e-flex e-con e-child\" data-id=\"90d8508\" data-element_type=\"container\" data-e-type=\"container\">\n\t\t\t\t<div class=\"elementor-element elementor-element-f9c8ca3 elementor-widget elementor-widget-text-editor\" data-id=\"f9c8ca3\" data-element_type=\"widget\" data-e-type=\"widget\" data-widget_type=\"text-editor.default\">\n\t\t\t\t\t\t\t\t\t<div>\u2022 \u00ab Depuis toujours, je suis fascin\u00e9e par les myst\u00e8res de l&rsquo;\u00e2me et de la conscience. Mon chemin m&rsquo;a naturellement conduite vers la m\u00e9thode QHHT de Dolores Cannon \u2014 une approche qui r\u00e9sonnait profond\u00e9ment avec mes convictions sur la nature de l&rsquo;\u00eatre humain. \u00bb<\/div><div>\u2022 \u00ab Apr\u00e8s une formation officielle et l&rsquo;obtention de ma certification niveau 2, j&rsquo;ai ouvert mon cabinet \u00e0 Paita, en Nouvelle-Cal\u00e9donie, dans un \u00e9crin de nature qui favorise la d\u00e9tente et l&rsquo;introspection. \u00bb<\/div><div>\u2022 \u00ab Chaque personne que j&rsquo;accompagne est unique. Mon r\u00f4le n&rsquo;est pas de gu\u00e9rir \u2014 c&rsquo;est de cr\u00e9er les conditions pour que votre propre Subconscient vous apporte les r\u00e9ponses dont vous avez besoin. \u00bb<\/div>\t\t\t\t\t\t\t\t<\/div>\n\t\t\t\t<\/div>\n\t\t\t\t<\/div>\n\t\t\t\t\t<\/div>\n\t\t\t\t<\/div>\n\t\t<div class=\"elementor-element elementor-element-255ce23 e-flex e-con-boxed e-con e-parent\" data-id=\"255ce23\" data-element_type=\"container\" data-e-type=\"container\">\n\t\t\t\t\t<div class=\"e-con-inner\">\n\t\t\t\t\t\t\t<h2 \n\t\tdata-interaction-id=\"21d45e7\" \n\t\tclass=\"e-21d45e7-617f70e e-heading-base\" \n\t\t \n\t\t\n\t>\n\t\n\t\t\tMon parcours\n\t\t<\/h2>\n\t\t<div class=\"elementor-element elementor-element-b98d453 e-grid e-con-full e-con e-child\" data-id=\"b98d453\" data-element_type=\"container\" data-e-type=\"container\">\n\t\t\t\t\t\t\t<h2 \n\t\tdata-interaction-id=\"eaabee9\" \n\t\tclass=\"e-eaabee9-6952993 e-heading-base\" \n\t\t \n\t\t\n\t>\n\t\n\t\t\t2018\n\t\t<\/h2>\n\t\t\t\t\t\t\t<h2 \n\t\tdata-interaction-id=\"4e066f1\" \n\t\tclass=\"e-4e066f1-2cdac89 e-heading-base\" \n\t\t \n\t\t\n\t>\n\t\n\t\t\t2023\n\t\t<\/h2>\n\t\t\t\t\t\t\t<h2 \n\t\tdata-interaction-id=\"9d7dece\" \n\t\tclass=\"e-9d7dece-fdf38cc e-heading-base\" \n\t\t \n\t\t\n\t>\n\t\n\t\t\t2024\n\t\t<\/h2>\n\t\t\t\t<div class=\"elementor-element elementor-element-54e5065 elementor-widget elementor-widget-text-editor\" data-id=\"54e5065\" data-element_type=\"widget\" data-e-type=\"widget\" data-widget_type=\"text-editor.default\">\n\t\t\t\t\t\t\t\t\t<p>\u00c9tape 1 \u2014 D\u00e9couverte : \u00ab Premi\u00e8re rencontre avec la QHHT et les travaux de Dolores Cannon. Une r\u00e9v\u00e9lation qui allait changer ma vie. \u00bb<\/p>\t\t\t\t\t\t\t\t<\/div>\n\t\t\t\t<div class=\"elementor-element elementor-element-a1191c8 elementor-widget elementor-widget-text-editor\" data-id=\"a1191c8\" data-element_type=\"widget\" data-e-type=\"widget\" data-widget_type=\"text-editor.default\">\n\t\t\t\t\t\t\t\t\t<p>\u00c9tape 2 \u2014 Formation : \u00ab Formation officielle QHHT \u2014 obtention de la certification Niveau 1 puis Niveau 2 aupr\u00e8s de l&rsquo;\u00e9cole officielle. \u00bb<\/p>\t\t\t\t\t\t\t\t<\/div>\n\t\t\t\t<div class=\"elementor-element elementor-element-cfa31b8 elementor-widget elementor-widget-text-editor\" data-id=\"cfa31b8\" data-element_type=\"widget\" data-e-type=\"widget\" data-widget_type=\"text-editor.default\">\n\t\t\t\t\t\t\t\t\t<p>\u00c9tape 3 \u2014 Cabinet : \u00ab Ouverture de mon cabinet \u00e0 Paita. D\u00e9but de l&rsquo;accompagnement de mes premiers clients en Nouvelle-Cal\u00e9donie. \u00bb<\/p>\t\t\t\t\t\t\t\t<\/div>\n\t\t\t\t<\/div>\n\t\t\t\t\t<\/div>\n\t\t\t\t<\/div>\n\t\t<div class=\"elementor-element elementor-element-535d5c8 e-flex e-con-boxed e-con e-parent\" data-id=\"535d5c8\" data-element_type=\"container\" data-e-type=\"container\">\n\t\t\t\t\t<div class=\"e-con-inner\">\n\t\t\t\t\t\t\t<h2 \n\t\tdata-interaction-id=\"a9299e7\" \n\t\tclass=\"e-a9299e7-c03a220 e-heading-base\" \n\t\t \n\t\t\n\t>\n\t\n\t\t\tCe en quoi je crois\n\t\t<\/h2>\n\t\t<div class=\"elementor-element elementor-element-796a34d e-grid e-con-full e-con e-child\" data-id=\"796a34d\" data-element_type=\"container\" data-e-type=\"container\">\n\t\t\t\t<div class=\"elementor-element elementor-element-a1d6d56 elementor-view-framed elementor-shape-rounded elementor-widget__width-auto elementor-widget elementor-widget-icon\" data-id=\"a1d6d56\" data-element_type=\"widget\" data-e-type=\"widget\" data-widget_type=\"icon.default\">\n\t\t\t\t\t\t\t<div class=\"elementor-icon-wrapper\">\n\t\t\t<div class=\"elementor-icon\">\n\t\t\t<svg aria-hidden=\"true\" class=\"e-font-icon-svg e-fas-heart\" viewBox=\"0 0 512 512\" xmlns=\"http:\/\/www.w3.org\/2000\/svg\"><path d=\"M462.3 62.6C407.5 15.9 326 24.3 275.7 76.2L256 96.5l-19.7-20.3C186.1 24.3 104.5 15.9 49.7 62.6c-62.8 53.6-66.1 149.8-9.9 207.9l193.5 199.8c12.5 12.9 32.8 12.9 45.3 0l193.5-199.8c56.3-58.1 53-154.3-9.8-207.9z\"><\/path><\/svg>\t\t\t<\/div>\n\t\t<\/div>\n\t\t\t\t\t\t<\/div>\n\t\t\t\t<div class=\"elementor-element elementor-element-904cf71 elementor-view-framed elementor-shape-rounded elementor-widget__width-auto elementor-widget elementor-widget-icon\" data-id=\"904cf71\" data-element_type=\"widget\" data-e-type=\"widget\" data-widget_type=\"icon.default\">\n\t\t\t\t\t\t\t<div class=\"elementor-icon-wrapper\">\n\t\t\t<div class=\"elementor-icon\">\n\t\t\t<svg aria-hidden=\"true\" class=\"e-font-icon-svg e-fas-star\" viewBox=\"0 0 576 512\" xmlns=\"http:\/\/www.w3.org\/2000\/svg\"><path d=\"M259.3 17.8L194 150.2 47.9 171.5c-26.2 3.8-36.7 36.1-17.7 54.6l105.7 103-25 145.5c-4.5 26.3 23.2 46 46.4 33.7L288 439.6l130.7 68.7c23.2 12.2 50.9-7.4 46.4-33.7l-25-145.5 105.7-103c19-18.5 8.5-50.8-17.7-54.6L382 150.2 316.7 17.8c-11.7-23.6-45.6-23.9-57.4 0z\"><\/path><\/svg>\t\t\t<\/div>\n\t\t<\/div>\n\t\t\t\t\t\t<\/div>\n\t\t\t\t<div class=\"elementor-element elementor-element-23473c3 elementor-view-framed elementor-shape-rounded elementor-widget__width-auto elementor-widget elementor-widget-icon\" data-id=\"23473c3\" data-element_type=\"widget\" data-e-type=\"widget\" data-widget_type=\"icon.default\">\n\t\t\t\t\t\t\t<div class=\"elementor-icon-wrapper\">\n\t\t\t<div class=\"elementor-icon\">\n\t\t\t<svg aria-hidden=\"true\" class=\"e-font-icon-svg e-fas-lightbulb\" viewBox=\"0 0 352 512\" xmlns=\"http:\/\/www.w3.org\/2000\/svg\"><path d=\"M96.06 454.35c.01 6.29 1.87 12.45 5.36 17.69l17.09 25.69a31.99 31.99 0 0 0 26.64 14.28h61.71a31.99 31.99 0 0 0 26.64-14.28l17.09-25.69a31.989 31.989 0 0 0 5.36-17.69l.04-38.35H96.01l.05 38.35zM0 176c0 44.37 16.45 84.85 43.56 115.78 16.52 18.85 42.36 58.23 52.21 91.45.04.26.07.52.11.78h160.24c.04-.26.07-.51.11-.78 9.85-33.22 35.69-72.6 52.21-91.45C335.55 260.85 352 220.37 352 176 352 78.61 272.91-.3 175.45 0 73.44.31 0 82.97 0 176zm176-80c-44.11 0-80 35.89-80 80 0 8.84-7.16 16-16 16s-16-7.16-16-16c0-61.76 50.24-112 112-112 8.84 0 16 7.16 16 16s-7.16 16-16 16z\"><\/path><\/svg>\t\t\t<\/div>\n\t\t<\/div>\n\t\t\t\t\t\t<\/div>\n\t\t\t\t\t\t\t<h3 \n\t\tdata-interaction-id=\"77665cb\" \n\t\tclass=\"e-77665cb-b9999a8 e-heading-base\" \n\t\t \n\t\t\n\t>\n\t\n\t\t\tBienveillance\n\t\t<\/h3>\n\t\t\t\t\t\t\t<h3 \n\t\tdata-interaction-id=\"0713fd2\" \n\t\tclass=\"e-0713fd2-85939ad e-heading-base\" \n\t\t \n\t\t\n\t>\n\t\n\t\t\tInt\u00e9grit\u00e9\n\t\t<\/h3>\n\t\t\t\t\t\t\t<h3 \n\t\tdata-interaction-id=\"fbe6d89\" \n\t\tclass=\"e-fbe6d89-f47ca17 e-heading-base\" \n\t\t \n\t\t\n\t>\n\t\n\t\t\tHumilit\u00e9\n\t\t<\/h3>\n\t\t\t\t<div class=\"elementor-element elementor-element-1153c5a elementor-widget elementor-widget-text-editor\" data-id=\"1153c5a\" data-element_type=\"widget\" data-e-type=\"widget\" data-widget_type=\"text-editor.default\">\n\t\t\t\t\t\t\t\t\t<p>Chaque personne arrive avec son histoire, ses peurs et ses espoirs. Je cr\u00e9e un espace sans jugement o\u00f9 vous pouvez \u00eatre pleinement vous-m\u00eame.<\/p>\t\t\t\t\t\t\t\t<\/div>\n\t\t\t\t<div class=\"elementor-element elementor-element-78f7dbd elementor-widget elementor-widget-text-editor\" data-id=\"78f7dbd\" data-element_type=\"widget\" data-e-type=\"widget\" data-widget_type=\"text-editor.default\">\n\t\t\t\t\t\t\t\t\t<p>Je pratique la QHHT dans le strict respect de la m\u00e9thode originale de Dolores Cannon. Pas de raccourcis, pas d&rsquo;improvisation.<\/p>\t\t\t\t\t\t\t\t<\/div>\n\t\t\t\t<div class=\"elementor-element elementor-element-b4b9227 elementor-widget elementor-widget-text-editor\" data-id=\"b4b9227\" data-element_type=\"widget\" data-e-type=\"widget\" data-widget_type=\"text-editor.default\">\n\t\t\t\t\t\t\t\t\t<p>Je ne suis que le canal. C&rsquo;est votre Subconscient qui fait le travail \u2014 je l&rsquo;accompagne simplement avec respect et attention.<\/p>\t\t\t\t\t\t\t\t<\/div>\n\t\t\t\t<\/div>\n\t\t\t\t\t<\/div>\n\t\t\t\t<\/div>\n\t\t<div class=\"elementor-element elementor-element-4455f52 e-flex e-con-boxed e-con e-parent\" data-id=\"4455f52\" data-element_type=\"container\" data-e-type=\"container\">\n\t\t\t\t\t<div class=\"e-con-inner\">\n\t\t<div class=\"elementor-element elementor-element-2c04f5e e-grid e-con-full e-con e-child\" data-id=\"2c04f5e\" data-element_type=\"container\" data-e-type=\"container\" data-settings=\"{&quot;background_background&quot;:&quot;classic&quot;}\">\n\t\t\t\t\t\t\t<h2 \n\t\tdata-interaction-id=\"4858f57\" \n\t\tclass=\"e-4858f57-4d07096 e-heading-base\" \n\t\t \n\t\t\n\t>\n\t\n\t\t\tVous souhaitez travailler avec Shirley ?\n\t\t<\/h2>\n\t\t\t\t<div class=\"elementor-element elementor-element-262f7f5 elementor-widget elementor-widget-text-editor\" data-id=\"262f7f5\" data-element_type=\"widget\" data-e-type=\"widget\" data-widget_type=\"text-editor.default\">\n\t\t\t\t\t\t\t\t\t<p><strong>Shirley r\u00e9pond \u00e0 toutes vos questions et vous accueille \u00e0 Paita, Nouvelle-Cal\u00e9donie.<\/strong><\/p>\t\t\t\t\t\t\t\t<\/div>\n\t\t<div class=\"elementor-element elementor-element-f3d63f6 e-con-full e-flex e-con e-child\" data-id=\"f3d63f6\" data-element_type=\"container\" data-e-type=\"container\">\n\t\t\t\t\t    \t            <button class=\"e-36f2e89-edc63de e-button-base\" data-interaction-id=\"36f2e89\"  >\n            Me contacter\n        <\/button>\n    \t\t\t\t<\/div>\n\t\t\t\t<\/div>\n\t\t\t\t\t<\/div>\n\t\t\t\t<\/div>\n\t\t\t\t<\/div>\n\t\t","protected":false},"excerpt":{"rendered":"<p>Bonjour, je suis Shirley \u2022 \u00ab Depuis toujours, je suis fascin\u00e9e par les myst\u00e8res de l&rsquo;\u00e2me et de la conscience. [&hellip;]<\/p>\n","protected":false},"author":1,"featured_media":0,"parent":0,"menu_order":0,"comment_status":"closed","ping_status":"closed","template":"","meta":{"site-sidebar-layout":"no-sidebar","site-content-layout":"","ast-site-content-layout":"full-width-container","site-content-style":"default","site-sidebar-style":"default","ast-global-header-display":"","ast-banner-title-visibility":"","ast-main-header-display":"","ast-hfb-above-header-display":"","ast-hfb-below-header-display":"","ast-hfb-mobile-header-display":"","site-post-title":"","ast-breadcrumbs-content":"","ast-featured-img":"disabled","footer-sml-layout":"","ast-disable-related-posts":"","theme-transparent-header-meta":"","adv-header-id-meta":"","stick-header-meta":"","header-above-stick-meta":"","header-main-stick-meta":"","header-below-stick-meta":"","astra-migrate-meta-layouts":"default","ast-page-background-enabled":"default","ast-page-background-meta":{"desktop":{"background-color":"var(--ast-global-color-5)","background-image":"","background-repeat":"repeat","background-position":"center center","background-size":"auto","background-attachment":"scroll","background-type":"","background-media":"","overlay-type":"","overlay-color":"","overlay-opacity":"","overlay-gradient":""},"tablet":{"background-color":"","background-image":"","background-repeat":"repeat","background-position":"center center","background-size":"auto","background-attachment":"scroll","background-type":"","background-media":"","overlay-type":"","overlay-color":"","overlay-opacity":"","overlay-gradient":""},"mobile":{"background-color":"","background-image":"","background-repeat":"repeat","background-position":"center center","background-size":"auto","background-attachment":"scroll","background-type":"","background-media":"","overlay-type":"","overlay-color":"","overlay-opacity":"","overlay-gradient":""}},"ast-content-background-meta":{"desktop":{"background-color":"var(--ast-global-color-4)","background-image":"","background-repeat":"repeat","background-position":"center center","background-size":"auto","background-attachment":"scroll","background-type":"","background-media":"","overlay-type":"","overlay-color":"","overlay-opacity":"","overlay-gradient":""},"tablet":{"background-color":"var(--ast-global-color-4)","background-image":"","background-repeat":"repeat","background-position":"center center","background-size":"auto","background-attachment":"scroll","background-type":"","background-media":"","overlay-type":"","overlay-color":"","overlay-opacity":"","overlay-gradient":""},"mobile":{"background-color":"var(--ast-global-color-4)","background-image":"","background-repeat":"repeat","background-position":"center center","background-size":"auto","background-attachment":"scroll","background-type":"","background-media":"","overlay-type":"","overlay-color":"","overlay-opacity":"","overlay-gradient":""}},"footnotes":""},"class_list":["post-78","page","type-page","status-publish","hentry"],"_links":{"self":[{"href":"https:\/\/www.qhhtshirley.nc\/index.php\/wp-json\/wp\/v2\/pages\/78","targetHints":{"allow":["GET"]}}],"collection":[{"href":"https:\/\/www.qhhtshirley.nc\/index.php\/wp-json\/wp\/v2\/pages"}],"about":[{"href":"https:\/\/www.qhhtshirley.nc\/index.php\/wp-json\/wp\/v2\/types\/page"}],"author":[{"embeddable":true,"href":"https:\/\/www.qhhtshirley.nc\/index.php\/wp-json\/wp\/v2\/users\/1"}],"replies":[{"embeddable":true,"href":"https:\/\/www.qhhtshirley.nc\/index.php\/wp-json\/wp\/v2\/comments?post=78"}],"version-history":[{"count":22,"href":"https:\/\/www.qhhtshirley.nc\/index.php\/wp-json\/wp\/v2\/pages\/78\/revisions"}],"predecessor-version":[{"id":194,"href":"https:\/\/www.qhhtshirley.nc\/index.php\/wp-json\/wp\/v2\/pages\/78\/revisions\/194"}],"wp:attachment":[{"href":"https:\/\/www.qhhtshirley.nc\/index.php\/wp-json\/wp\/v2\/media?parent=78"}],"curies":[{"name":"wp","href":"https:\/\/api.w.org\/{rel}","templated":true}]}}