{"id":67,"date":"2026-04-11T16:27:45","date_gmt":"2026-04-11T05:27:45","guid":{"rendered":"https:\/\/www.qhhtshirley.nc\/?page_id=67"},"modified":"2026-04-11T16:31:24","modified_gmt":"2026-04-11T05:31:24","slug":"la-methode-qhht","status":"publish","type":"page","link":"https:\/\/www.qhhtshirley.nc\/index.php\/la-methode-qhht\/","title":{"rendered":"La m\u00e9thode QHHT"},"content":{"rendered":"\t\t<div data-elementor-type=\"wp-page\" data-elementor-id=\"67\" class=\"elementor elementor-67\">\n\t\t\t\t<div class=\"elementor-element elementor-element-32bec3d e-grid e-con-boxed e-con e-parent\" data-id=\"32bec3d\" data-element_type=\"container\" data-e-type=\"container\">\n\t\t\t\t\t<div class=\"e-con-inner\">\n\t\t<div class=\"elementor-element elementor-element-e47c563 e-con-full e-flex e-con e-child\" data-id=\"e47c563\" data-element_type=\"container\" data-e-type=\"container\">\n\t\t\t\t\t\t\t\n\t\t<img class=\"e-image-base e-2c361f9-ed7d682 lazyload\" \n\t\t\t\t\tdata-interaction-id=\"2c361f9\" \n\t\t \n\t\t \n\t\t\t\t\t\t\t\t\tid=\"74\"\n\t\t\t\t\t\t\t\t\t\t\t\tdata-src=\"https:\/\/www.qhhtshirley.nc\/wp-content\/uploads\/2026\/04\/Logo-officiel-QHHT-sans-texte.png\"\n\t\t\t\t\t\t\t\t\t\t\t\twidth=\"61\"\n\t\t\t\t\t\t\t\t\t\t\t\theight=\"58\"\n\t\t\t\t\t\t\t\t\t\t\t\tsrcset=\"\"\n\t\t\t\t\t\t\t\t\t\t\t\talt=\"\"\n\t\t\t\t\t\t src=\"data:image\/svg+xml;base64,PHN2ZyB3aWR0aD0iMSIgaGVpZ2h0PSIxIiB4bWxucz0iaHR0cDovL3d3dy53My5vcmcvMjAwMC9zdmciPjwvc3ZnPg==\" style=\"--smush-placeholder-width: 61px; --smush-placeholder-aspect-ratio: 61\/58;\" \/>\n\t\t\t\t\t<\/div>\n\t\t\t\t\t\t\t<h2 \n\t\tdata-interaction-id=\"ff02889\" \n\t\tclass=\"e-ff02889-82c019b e-heading-base\" \n\t\t \n\t\t\n\t>\n\t\n\t\t\tLa m\u00e9thode QHHT\n\t\t<\/h2>\n\t\t\t\t<div class=\"elementor-element elementor-element-8af53dc elementor-widget elementor-widget-text-editor\" data-id=\"8af53dc\" data-element_type=\"widget\" data-e-type=\"widget\" data-widget_type=\"text-editor.default\">\n\t\t\t\t\t\t\t\t\t<p>La Quantum Healing Hypnosis Technique est une m\u00e9thode d&rsquo;hypnose profonde d\u00e9velopp\u00e9e par Dolores Cannon au fil de plus de 45 ans de recherche. Elle permet d&rsquo;acc\u00e9der \u00e0 la partie la plus profonde de votre \u00eatre \u2014 votre Subconscient \u2014 pour obtenir des r\u00e9ponses et des gu\u00e9risons.<\/p>\t\t\t\t\t\t\t\t<\/div>\n\t\t\t\t\t<\/div>\n\t\t\t\t<\/div>\n\t\t<div class=\"elementor-element elementor-element-fc7ae6a e-flex e-con-boxed e-con e-parent\" data-id=\"fc7ae6a\" data-element_type=\"container\" data-e-type=\"container\">\n\t\t\t\t\t<div class=\"e-con-inner\">\n\t\t<div class=\"elementor-element elementor-element-3127a5f e-con-full e-flex e-con e-child\" data-id=\"3127a5f\" data-element_type=\"container\" data-e-type=\"container\">\n\t\t\t\t\t\t\t\n\t\t<img class=\"e-image-base lazyload\" \n\t\t\t\t\tdata-interaction-id=\"530ad67\" \n\t\t \n\t\t \n\t\t\t\t\t\t\t\t\tid=\"69\"\n\t\t\t\t\t\t\t\t\t\t\t\tdata-src=\"https:\/\/www.qhhtshirley.nc\/wp-content\/uploads\/2026\/04\/portraitdolorescannon-1020662954.jpg\"\n\t\t\t\t\t\t\t\t\t\t\t\twidth=\"1600\"\n\t\t\t\t\t\t\t\t\t\t\t\theight=\"1063\"\n\t\t\t\t\t\t\t\t\t\t\t\tdata-srcset=\"https:\/\/www.qhhtshirley.nc\/wp-content\/uploads\/2026\/04\/portraitdolorescannon-1020662954.jpg 1600w, https:\/\/www.qhhtshirley.nc\/wp-content\/uploads\/2026\/04\/portraitdolorescannon-1020662954-300x199.jpg 300w, https:\/\/www.qhhtshirley.nc\/wp-content\/uploads\/2026\/04\/portraitdolorescannon-1020662954-1024x680.jpg 1024w, https:\/\/www.qhhtshirley.nc\/wp-content\/uploads\/2026\/04\/portraitdolorescannon-1020662954-768x510.jpg 768w, https:\/\/www.qhhtshirley.nc\/wp-content\/uploads\/2026\/04\/portraitdolorescannon-1020662954-1536x1020.jpg 1536w\"\n\t\t\t\t\t\t\t\t\t\t\t\talt=\"\"\n\t\t\t\t\t\t src=\"data:image\/svg+xml;base64,PHN2ZyB3aWR0aD0iMSIgaGVpZ2h0PSIxIiB4bWxucz0iaHR0cDovL3d3dy53My5vcmcvMjAwMC9zdmciPjwvc3ZnPg==\" style=\"--smush-placeholder-width: 1600px; --smush-placeholder-aspect-ratio: 1600\/1063;\" \/>\n\t\t\t\t\t<\/div>\n\t\t<div class=\"elementor-element elementor-element-83c82d4 e-con-full e-flex e-con e-child\" data-id=\"83c82d4\" data-element_type=\"container\" data-e-type=\"container\">\n\t\t<div class=\"elementor-element elementor-element-8f60b2a e-con-full e-flex e-con e-child\" data-id=\"8f60b2a\" data-element_type=\"container\" data-e-type=\"container\">\n\t\t\t\t\t\t\t<h2 \n\t\tdata-interaction-id=\"31e7428\" \n\t\tclass=\"e-heading-base\" \n\t\t \n\t\t\n\t>\n\t\n\t\t\tDolor\u00e8s CANNON, la fondatrice\n\t\t<\/h2>\n\t\t\t\t<\/div>\n\t\t<div class=\"elementor-element elementor-element-6498702 e-con-full e-flex e-con e-child\" data-id=\"6498702\" data-element_type=\"container\" data-e-type=\"container\">\n\t\t\t\t<div class=\"elementor-element elementor-element-8fe9c63 elementor-widget elementor-widget-text-editor\" data-id=\"8fe9c63\" data-element_type=\"widget\" data-e-type=\"widget\" data-widget_type=\"text-editor.default\">\n\t\t\t\t\t\t\t\t\t<div>\u2022 \u00ab Dolores Cannon (1931\u20132014) \u00e9tait hypnoth\u00e9rapeute, chercheuse et auteure am\u00e9ricaine. En d\u00e9veloppant la QHHT, elle a mis au point une technique d&rsquo;induction permettant d&rsquo;atteindre le niveau de conscience le plus profond \u2014 le niveau th\u00eata \u2014 et d&rsquo;entrer en contact direct avec le Subconscient du patient. \u00bb<\/div><div>\u2022 \u00ab Ses d\u00e9couvertes sont document\u00e9es dans plus de 19 livres traduits dans de nombreuses langues. La QHHT est aujourd&rsquo;hui pratiqu\u00e9e par des th\u00e9rapeutes certifi\u00e9s dans le monde entier.\u00a0<\/div>\t\t\t\t\t\t\t\t<\/div>\n\t\t\t\t<\/div>\n\t\t\t\t<\/div>\n\t\t\t\t\t<\/div>\n\t\t\t\t<\/div>\n\t\t<div class=\"elementor-element elementor-element-22f30b4 e-flex e-con-boxed e-con e-parent\" data-id=\"22f30b4\" data-element_type=\"container\" data-e-type=\"container\">\n\t\t\t\t\t<div class=\"e-con-inner\">\n\t\t\t\t\t\t\t<h2 \n\t\tdata-interaction-id=\"672e2ec\" \n\t\tclass=\"e-672e2ec-3bba0bf e-heading-base\" \n\t\t \n\t\t\n\t>\n\t\n\t\t\tComment se d\u00e9roule une s\u00e9ance ?\n\t\t<\/h2>\n\t\t<div class=\"elementor-element elementor-element-eedf12b e-con-full e-grid e-con e-child\" data-id=\"eedf12b\" data-element_type=\"container\" data-e-type=\"container\">\n\t\t\t\t\t\t\t<h3 \n\t\tdata-interaction-id=\"e18a0ea\" \n\t\tclass=\"e-e18a0ea-a17c52e e-heading-base\" \n\t\t \n\t\t\n\t>\n\t\n\t\t\t1 - L'entretien pr\u00e9paratoire \n\t\t<\/h3>\n\t\t\t\t\t\t\t<h3 \n\t\tdata-interaction-id=\"9b7c18a\" \n\t\tclass=\"e-9b7c18a-69c9a96 e-heading-base\" \n\t\t \n\t\t\n\t>\n\t\n\t\t\t2- L'induction hypnotique\n\t\t<\/h3>\n\t\t\t\t\t\t\t<h3 \n\t\tdata-interaction-id=\"2fb482c\" \n\t\tclass=\"e-2fb482c-7acfa1c e-heading-base\" \n\t\t \n\t\t\n\t>\n\t\n\t\t\t3- Le voyage int\u00e9rieur\n\t\t<\/h3>\n\t\t\t\t\t\t\t<h3 \n\t\tdata-interaction-id=\"8227abf\" \n\t\tclass=\"e-8227abf-a3e48be e-heading-base\" \n\t\t \n\t\t\n\t>\n\t\n\t\t\t4- Le retour et l'int\u00e9gration\n\t\t<\/h3>\n\t\t\t\t<div class=\"elementor-element elementor-element-c1d7af1 elementor-widget elementor-widget-text-editor\" data-id=\"c1d7af1\" data-element_type=\"widget\" data-e-type=\"widget\" data-widget_type=\"text-editor.default\">\n\t\t\t\t\t\t\t\t\t<p>Avant l&rsquo;hypnose, Shirley prend le temps de vous \u00e9couter. Vos questions, vos blocages, vos intentions \u2014 tout est not\u00e9 pour guider la s\u00e9ance.\u00a0<\/p>\t\t\t\t\t\t\t\t<\/div>\n\t\t\t\t<div class=\"elementor-element elementor-element-2c1de40 elementor-widget elementor-widget-text-editor\" data-id=\"2c1de40\" data-element_type=\"widget\" data-e-type=\"widget\" data-widget_type=\"text-editor.default\">\n\t\t\t\t\t\t\t\t\t<p>Allong\u00e9 confortablement, vous \u00eates guid\u00e9 vers un \u00e9tat de relaxation profonde. Vous restez conscient et en s\u00e9curit\u00e9 \u00e0 tout moment.<\/p>\t\t\t\t\t\t\t\t<\/div>\n\t\t\t\t<div class=\"elementor-element elementor-element-c6b42c6 elementor-widget elementor-widget-text-editor\" data-id=\"c6b42c6\" data-element_type=\"widget\" data-e-type=\"widget\" data-widget_type=\"text-editor.default\">\n\t\t\t\t\t\t\t\t\t<p>Votre Subconscient prend la parole. Il r\u00e9pond \u00e0 vos questions, explore vos vies pass\u00e9es et peut initier des processus de gu\u00e9rison.<\/p>\t\t\t\t\t\t\t\t<\/div>\n\t\t\t\t<div class=\"elementor-element elementor-element-2297faf elementor-widget elementor-widget-text-editor\" data-id=\"2297faf\" data-element_type=\"widget\" data-e-type=\"widget\" data-widget_type=\"text-editor.default\">\n\t\t\t\t\t\t\t\t\t<p>Shirley vous accompagne doucement vers l&rsquo;\u00e9tat de veille. Un enregistrement audio de la s\u00e9ance vous est remis pour revivre l&rsquo;exp\u00e9rience.<\/p>\t\t\t\t\t\t\t\t<\/div>\n\t\t\t\t<\/div>\n\t\t<div class=\"elementor-element elementor-element-384f29b e-con-full e-flex e-con e-child\" data-id=\"384f29b\" data-element_type=\"container\" data-e-type=\"container\">\n\t\t\t\t<div class=\"elementor-element elementor-element-1ed7d7c elementor-widget elementor-widget-text-editor\" data-id=\"1ed7d7c\" data-element_type=\"widget\" data-e-type=\"widget\" data-widget_type=\"text-editor.default\">\n\t\t\t\t\t\t\t\t\t<p>La s\u00e9ance peut durer entre 6 et 8 heures. Vous devez pr\u00e9voir une journ\u00e9e compl\u00e8te pour vous<\/p>\t\t\t\t\t\t\t\t<\/div>\n\t\t\t\t<\/div>\n\t\t\t\t\t<\/div>\n\t\t\t\t<\/div>\n\t\t<div class=\"elementor-element elementor-element-5262e81 e-flex e-con-boxed e-con e-parent\" data-id=\"5262e81\" data-element_type=\"container\" data-e-type=\"container\">\n\t\t\t\t\t<div class=\"e-con-inner\">\n\t\t\t\t\t\t\t<h2 \n\t\tdata-interaction-id=\"8924e50\" \n\t\tclass=\"e-8924e50-93421f4 e-heading-base\" \n\t\t \n\t\t\n\t>\n\t\n\t\t\tLa QHHT peut vous aider si...\n\t\t<\/h2>\n\t\t<div class=\"elementor-element elementor-element-4078e53 e-grid e-con-full e-con e-child\" data-id=\"4078e53\" data-element_type=\"container\" data-e-type=\"container\">\n\t\t\t\t\t\t\t<h3 \n\t\tdata-interaction-id=\"50ab97f\" \n\t\tclass=\"e-50ab97f-de6b4b0 e-heading-base\" \n\t\t \n\t\t\n\t>\n\t\n\t\t\tLa QHHT est faite pour vous si\n\t\t<\/h3>\n\t\t\t\t\t\t\t<h3 \n\t\tdata-interaction-id=\"ed85642\" \n\t\tclass=\"e-ed85642-246b635 e-heading-base\" \n\t\t \n\t\t\n\t>\n\t\n\t\t\tPr\u00e9cautions\n\t\t<\/h3>\n\t\t\t\t<div class=\"elementor-element elementor-element-e8b5401 elementor-widget elementor-widget-text-editor\" data-id=\"e8b5401\" data-element_type=\"widget\" data-e-type=\"widget\" data-widget_type=\"text-editor.default\">\n\t\t\t\t\t\t\t\t\t<p>Vous cherchez le sens de votre vie \u00b7 Vous avez des blocages \u00e9motionnels persistants \u00b7 Vous souhaitez explorer vos vies ant\u00e9rieures \u00b7 Vous voulez des r\u00e9ponses que la m\u00e9decine classique n&rsquo;a pas donn\u00e9es \u00b7 Vous traversez une p\u00e9riode de transformation personnelle<\/p>\t\t\t\t\t\t\t\t<\/div>\n\t\t\t\t<div class=\"elementor-element elementor-element-a2e4e41 elementor-widget elementor-widget-text-editor\" data-id=\"a2e4e41\" data-element_type=\"widget\" data-e-type=\"widget\" data-widget_type=\"text-editor.default\">\n\t\t\t\t\t\t\t\t\t<p>La QHHT n&rsquo;est pas recommand\u00e9e aux personnes souffrant de troubles psychiatriques s\u00e9v\u00e8res \u00b7 Elle ne remplace pas un suivi m\u00e9dical \u00b7 Une s\u00e9ance demande une bonne disponibilit\u00e9 mentale et physique (journ\u00e9e enti\u00e8re)<\/p>\t\t\t\t\t\t\t\t<\/div>\n\t\t\t\t<\/div>\n\t\t\t\t\t<\/div>\n\t\t\t\t<\/div>\n\t\t<div class=\"elementor-element elementor-element-b56e70e e-flex e-con-boxed e-con e-parent\" data-id=\"b56e70e\" data-element_type=\"container\" data-e-type=\"container\">\n\t\t\t\t\t<div class=\"e-con-inner\">\n\t\t\t\t\t\t\t<h2 \n\t\tdata-interaction-id=\"b0685d9\" \n\t\tclass=\"e-b0685d9-999565a e-heading-base\" \n\t\t \n\t\t\n\t>\n\t\n\t\t\tVous avez des questions sur le QHHT ?\n\t\t<\/h2>\n\t\t<div class=\"elementor-element elementor-element-0e075c6 e-con-full e-flex e-con e-child\" data-id=\"0e075c6\" data-element_type=\"container\" data-e-type=\"container\">\n\t\t\t\t\t\t\t<h3 \n\t\tdata-interaction-id=\"ae20406\" \n\t\tclass=\"e-ae20406-ec6dc04 e-heading-base\" \n\t\t \n\t\t\n\t>\n\t\n\t\t\tShirley r\u00e9pond \u00e0 toutes vos questions avant de r\u00e9server votre s\u00e9ance.\n\t\t<\/h3>\n\t\t\t\t<\/div>\n\t\t<div class=\"elementor-element elementor-element-d0e61ad e-con-full e-flex e-con e-child\" data-id=\"d0e61ad\" data-element_type=\"container\" data-e-type=\"container\">\n\t\t\t\t\t    \t            <button class=\"e-860f6b3-592bbcb e-button-base\" data-interaction-id=\"860f6b3\"  >\n            Me contacter\n        <\/button>\n    \t\t\t\t<\/div>\n\t\t\t\t\t<\/div>\n\t\t\t\t<\/div>\n\t\t\t\t<\/div>\n\t\t","protected":false},"excerpt":{"rendered":"<p>La m\u00e9thode QHHT La Quantum Healing Hypnosis Technique est une m\u00e9thode d&rsquo;hypnose profonde d\u00e9velopp\u00e9e par Dolores Cannon au fil de [&hellip;]<\/p>\n","protected":false},"author":1,"featured_media":0,"parent":0,"menu_order":0,"comment_status":"closed","ping_status":"closed","template":"","meta":{"site-sidebar-layout":"no-sidebar","site-content-layout":"","ast-site-content-layout":"full-width-container","site-content-style":"default","site-sidebar-style":"default","ast-global-header-display":"","ast-banner-title-visibility":"","ast-main-header-display":"","ast-hfb-above-header-display":"","ast-hfb-below-header-display":"","ast-hfb-mobile-header-display":"","site-post-title":"","ast-breadcrumbs-content":"","ast-featured-img":"disabled","footer-sml-layout":"","ast-disable-related-posts":"","theme-transparent-header-meta":"","adv-header-id-meta":"","stick-header-meta":"","header-above-stick-meta":"","header-main-stick-meta":"","header-below-stick-meta":"","astra-migrate-meta-layouts":"default","ast-page-background-enabled":"default","ast-page-background-meta":{"desktop":{"background-color":"var(--ast-global-color-5)","background-image":"","background-repeat":"repeat","background-position":"center center","background-size":"auto","background-attachment":"scroll","background-type":"","background-media":"","overlay-type":"","overlay-color":"","overlay-opacity":"","overlay-gradient":""},"tablet":{"background-color":"","background-image":"","background-repeat":"repeat","background-position":"center center","background-size":"auto","background-attachment":"scroll","background-type":"","background-media":"","overlay-type":"","overlay-color":"","overlay-opacity":"","overlay-gradient":""},"mobile":{"background-color":"","background-image":"","background-repeat":"repeat","background-position":"center center","background-size":"auto","background-attachment":"scroll","background-type":"","background-media":"","overlay-type":"","overlay-color":"","overlay-opacity":"","overlay-gradient":""}},"ast-content-background-meta":{"desktop":{"background-color":"var(--ast-global-color-4)","background-image":"","background-repeat":"repeat","background-position":"center center","background-size":"auto","background-attachment":"scroll","background-type":"","background-media":"","overlay-type":"","overlay-color":"","overlay-opacity":"","overlay-gradient":""},"tablet":{"background-color":"var(--ast-global-color-4)","background-image":"","background-repeat":"repeat","background-position":"center center","background-size":"auto","background-attachment":"scroll","background-type":"","background-media":"","overlay-type":"","overlay-color":"","overlay-opacity":"","overlay-gradient":""},"mobile":{"background-color":"var(--ast-global-color-4)","background-image":"","background-repeat":"repeat","background-position":"center center","background-size":"auto","background-attachment":"scroll","background-type":"","background-media":"","overlay-type":"","overlay-color":"","overlay-opacity":"","overlay-gradient":""}},"footnotes":""},"class_list":["post-67","page","type-page","status-publish","hentry"],"_links":{"self":[{"href":"https:\/\/www.qhhtshirley.nc\/index.php\/wp-json\/wp\/v2\/pages\/67","targetHints":{"allow":["GET"]}}],"collection":[{"href":"https:\/\/www.qhhtshirley.nc\/index.php\/wp-json\/wp\/v2\/pages"}],"about":[{"href":"https:\/\/www.qhhtshirley.nc\/index.php\/wp-json\/wp\/v2\/types\/page"}],"author":[{"embeddable":true,"href":"https:\/\/www.qhhtshirley.nc\/index.php\/wp-json\/wp\/v2\/users\/1"}],"replies":[{"embeddable":true,"href":"https:\/\/www.qhhtshirley.nc\/index.php\/wp-json\/wp\/v2\/comments?post=67"}],"version-history":[{"count":7,"href":"https:\/\/www.qhhtshirley.nc\/index.php\/wp-json\/wp\/v2\/pages\/67\/revisions"}],"predecessor-version":[{"id":77,"href":"https:\/\/www.qhhtshirley.nc\/index.php\/wp-json\/wp\/v2\/pages\/67\/revisions\/77"}],"wp:attachment":[{"href":"https:\/\/www.qhhtshirley.nc\/index.php\/wp-json\/wp\/v2\/media?parent=67"}],"curies":[{"name":"wp","href":"https:\/\/api.w.org\/{rel}","templated":true}]}}